{"id":6,"date":"2021-01-30T20:00:33","date_gmt":"2021-01-30T19:00:33","guid":{"rendered":"https:\/\/fldg.dk\/malenesutsko\/?page_id=6"},"modified":"2021-01-30T20:34:46","modified_gmt":"2021-01-30T19:34:46","slug":"6-2","status":"publish","type":"page","link":"https:\/\/fldg.dk\/malenesutsko\/","title":{"rendered":""},"content":{"rendered":"<p><strong><img loading=\"lazy\" decoding=\"async\" class=\"alignright size-thumbnail wp-image-17\" src=\"https:\/\/fldg.dk\/malenesutsko\/wp-content\/uploads\/sites\/2\/malenesutsko-150x150.jpg\" alt=\"\" width=\"150\" height=\"150\" srcset=\"https:\/\/fldg.dk\/malenesutsko\/wp-content\/uploads\/sites\/2\/malenesutsko-150x150.jpg 150w, https:\/\/fldg.dk\/malenesutsko\/wp-content\/uploads\/sites\/2\/malenesutsko-300x300.jpg 300w, https:\/\/fldg.dk\/malenesutsko\/wp-content\/uploads\/sites\/2\/malenesutsko.jpg 720w\" sizes=\"auto, (max-width: 150px) 85vw, 150px\" \/>Malene@sutskO<\/strong> (f. 1985) er en dansk digter, der i snart to \u00e5rtier er blevet ved med at chokere den litter\u00e6re verden med sine oph\u00f8jede og enkle, men samtidig brutalt \u00e6rlige og meditativt underfundige digte. En verdenskunstner i udfoldelse.<\/p>\n<hr \/>\n<h6>14. november 2004<\/h6>\n<p>Jeg s\u00e5 en and<br \/>\nJeg s\u00e5 en mand<br \/>\nDe legede hjemme<br \/>\nmens min far var p\u00e5 arbejde<\/p>\n<h6>14. november 2004<\/h6>\n<p>Jeg s\u00e5 en Mor<br \/>\nJeg s\u00e5 en Ko<br \/>\nDet var ikke sjovt<br \/>\nMens min far var p\u00e5 arbejde<\/p>\n<h6>21. november 2004<\/h6>\n<p>Hej Mor<br \/>\nHej Far<br \/>\nHej S\u00f8ster<br \/>\nmens min far er p\u00e5 arbejde<\/p>\n<h6>21. november 2004<\/h6>\n<p>Jeg elsker tomater<br \/>\nDu spiser mad, solen med din klasse som i forvejen er for stor til at hoppe<br \/>\nSammen er vi alt<br \/>\nmens min far er p\u00e5 arbejde<\/p>\n<h6>21. november 2004<\/h6>\n<p>Du er min sol<br \/>\nJeg (s\u00f8)s\u00e6tter min stol<br \/>\nMidt i haven<br \/>\nmens min far er p\u00e5 arbejde<\/p>\n<h6>8. februar 2005<\/h6>\n<p>Mens krigeren drager mod syd<br \/>\nog Karlen brager imod den sydlige himmel<br \/>\njeg ser op, men ved ikke hvad jeg ser<br \/>\nmens min far g\u00e5r p\u00e5 arbejde<\/p>\n<h6>6. september 2005<\/h6>\n<p>Han sidder p\u00e5 sit hummer<br \/>\nhan er glad, men sulten<br \/>\nhan g\u00e5r ud i k\u00f8kkenet<br \/>\nmens min far g\u00e5r p\u00e5 arbejde<\/p>\n<h6>22. oktober 2005<\/h6>\n<p>Jeg leger med alle b\u00f8rnene<br \/>\ninden Lars hedder Bent<br \/>\nog Peter leger Termometer<br \/>\nmens min far er p\u00e5 arbejde<\/p>\n<h6>15. november 2005<\/h6>\n<p>I denne s\u00f8de juletid<br \/>\nder g\u00e5r vi rundt og synger<br \/>\nAnders Toft<br \/>\nmens min far er p\u00e5 arbejde<\/p>\n<h6>16. december 2005<\/h6>\n<p>Jeg g\u00e5r p\u00e5 arbejde<br \/>\njeg arbejder<br \/>\njeg kommer hjem fra arbejde<br \/>\nmens min far har et arbejde<\/p>\n<h6>17. februar 2006<\/h6>\n<p>Silkeborg. Silkeborg, Silkeborg<br \/>\nNorge, Norge, Norge<br \/>\nRejer, Rejer, Rejer<br \/>\nmens min far er p\u00e5 arbejde<\/p>\n<h6>12. april 2007<\/h6>\n<p>Jeg sidder p\u00e5 min pind<br \/>\nser FCM &#8211; FCK i tv<br \/>\njeg leder efter Finn<br \/>\nmens min far er p\u00e5 arbejde<\/p>\n<h6>6. marts 2008<\/h6>\n<p>Roser er r\u00f8de<br \/>\nvioler er bl\u00e5<br \/>\njordb\u00e6r er s\u00f8de<br \/>\nmens min far er p\u00e5 arbejde.<\/p>\n<h6>4. oktober 2013<\/h6>\n<p>Hyggeligt i Faxe<br \/>\nhelt uden pis<br \/>\nligesom et saxe<br \/>\nmens min far g\u00e5r p\u00e5 arbejde<\/p>\n<h6>20. juli 2015<\/h6>\n<p>P\u00e5 en f\u00f8dselsdag<br \/>\nskal det v\u00e6re godt<br \/>\nder er sjov og flag<br \/>\nmens min far er p\u00e5 arbejde<\/p>\n<h6>6. januar 2017<\/h6>\n<p>Lort<br \/>\nLort<br \/>\nLort<br \/>\nmens min far er p\u00e5 arbejde<\/p>\n<h6>31. maj 2017<\/h6>\n<p>Peter, Tenerife, Tammi, Tue<br \/>\nNorth, Sur, \u00d8st, West<br \/>\nalle vegne ud og ind<br \/>\nmin far er VIRKELIG p\u00e5 arbejde<\/p>\n","protected":false},"excerpt":{"rendered":"<p>Malene@sutskO (f. 1985) er en dansk digter, der i snart to \u00e5rtier er blevet ved med at chokere den litter\u00e6re verden med sine oph\u00f8jede og enkle, men samtidig brutalt \u00e6rlige og meditativt underfundige digte. En verdenskunstner i udfoldelse. 14. november 2004 Jeg s\u00e5 en and Jeg s\u00e5 en mand De legede hjemme mens min far &hellip; <a href=\"https:\/\/fldg.dk\/malenesutsko\/\" class=\"more-link\">L\u00e6s videre<span class=\"screen-reader-text\"> &#8220;&#8221;<\/span><\/a><\/p>\n","protected":false},"author":1,"featured_media":0,"parent":0,"menu_order":0,"comment_status":"closed","ping_status":"closed","template":"","meta":{"footnotes":""},"class_list":["post-6","page","type-page","status-publish","hentry"],"jetpack_sharing_enabled":true,"_links":{"self":[{"href":"https:\/\/fldg.dk\/malenesutsko\/index.php?rest_route=\/wp\/v2\/pages\/6","targetHints":{"allow":["GET"]}}],"collection":[{"href":"https:\/\/fldg.dk\/malenesutsko\/index.php?rest_route=\/wp\/v2\/pages"}],"about":[{"href":"https:\/\/fldg.dk\/malenesutsko\/index.php?rest_route=\/wp\/v2\/types\/page"}],"author":[{"embeddable":true,"href":"https:\/\/fldg.dk\/malenesutsko\/index.php?rest_route=\/wp\/v2\/users\/1"}],"replies":[{"embeddable":true,"href":"https:\/\/fldg.dk\/malenesutsko\/index.php?rest_route=%2Fwp%2Fv2%2Fcomments&post=6"}],"version-history":[{"count":5,"href":"https:\/\/fldg.dk\/malenesutsko\/index.php?rest_route=\/wp\/v2\/pages\/6\/revisions"}],"predecessor-version":[{"id":19,"href":"https:\/\/fldg.dk\/malenesutsko\/index.php?rest_route=\/wp\/v2\/pages\/6\/revisions\/19"}],"wp:attachment":[{"href":"https:\/\/fldg.dk\/malenesutsko\/index.php?rest_route=%2Fwp%2Fv2%2Fmedia&parent=6"}],"curies":[{"name":"wp","href":"https:\/\/api.w.org\/{rel}","templated":true}]}}