{"id":76,"date":"2014-04-26T19:42:49","date_gmt":"2014-04-26T17:42:49","guid":{"rendered":"http:\/\/fldg.dk\/dapoet\/?page_id=76"},"modified":"2014-04-26T19:42:49","modified_gmt":"2014-04-26T17:42:49","slug":"da-poet","status":"publish","type":"page","link":"https:\/\/fldg.dk\/dapoet\/","title":{"rendered":"Da Poet"},"content":{"rendered":"<p><img loading=\"lazy\" decoding=\"async\" class=\"alignleft size-full wp-image-77\" src=\"https:\/\/fldg.dk\/dapoet\/wp-content\/uploads\/sites\/3\/da_poet.jpg\" alt=\"da_poet\" width=\"100\" height=\"100\" \/>Digteren <strong>Da Poet<\/strong> (f. 1986) regnes for \u201cet af de unge h\u00e5b\u201d i Danmark i dag. Hans st\u00e6rke poesi gennembryder de g\u00e6ngse postmodernistiske rammer og s\u00e6tter derved nye standarder p\u00e5 dansk, nordisk og europ\u00e6isk plan.<\/p>\n","protected":false},"excerpt":{"rendered":"<p>Digteren Da Poet (f. 1986) regnes for \u201cet af de unge h\u00e5b\u201d i Danmark i dag. Hans st\u00e6rke poesi gennembryder de g\u00e6ngse postmodernistiske rammer og s\u00e6tter derved nye standarder p\u00e5 dansk, nordisk og europ\u00e6isk plan.<\/p>\n","protected":false},"author":1,"featured_media":0,"parent":0,"menu_order":0,"comment_status":"closed","ping_status":"closed","template":"","meta":{"footnotes":""},"class_list":["post-76","page","type-page","status-publish","hentry"],"jetpack_sharing_enabled":true,"_links":{"self":[{"href":"https:\/\/fldg.dk\/dapoet\/wp-json\/wp\/v2\/pages\/76","targetHints":{"allow":["GET"]}}],"collection":[{"href":"https:\/\/fldg.dk\/dapoet\/wp-json\/wp\/v2\/pages"}],"about":[{"href":"https:\/\/fldg.dk\/dapoet\/wp-json\/wp\/v2\/types\/page"}],"author":[{"embeddable":true,"href":"https:\/\/fldg.dk\/dapoet\/wp-json\/wp\/v2\/users\/1"}],"replies":[{"embeddable":true,"href":"https:\/\/fldg.dk\/dapoet\/wp-json\/wp\/v2\/comments?post=76"}],"version-history":[{"count":1,"href":"https:\/\/fldg.dk\/dapoet\/wp-json\/wp\/v2\/pages\/76\/revisions"}],"predecessor-version":[{"id":93,"href":"https:\/\/fldg.dk\/dapoet\/wp-json\/wp\/v2\/pages\/76\/revisions\/93"}],"wp:attachment":[{"href":"https:\/\/fldg.dk\/dapoet\/wp-json\/wp\/v2\/media?parent=76"}],"curies":[{"name":"wp","href":"https:\/\/api.w.org\/{rel}","templated":true}]}}